{"id":86,"date":"2018-08-24T11:09:27","date_gmt":"2018-08-24T11:09:27","guid":{"rendered":"http:\/\/belchic.de\/?page_id=86"},"modified":"2021-09-07T13:37:25","modified_gmt":"2021-09-07T13:37:25","slug":"impressum","status":"publish","type":"page","link":"https:\/\/belchic.de\/?page_id=86","title":{"rendered":"Impressum"},"content":{"rendered":"\n<p><strong>| Inhalt unserer Internetseite |<\/strong><\/p>\n\n\n\n<p><strong>bel chic<\/strong> \u00fcbernimmt keinerlei Gew\u00e4hr f\u00fcr die Aktualit\u00e4t, Korrektheit, Vollst\u00e4ndigkeit oder Qualit\u00e4t der im Rahmen ihres Internetauftritts bereitgestellten Informationen. Haftungsanspr\u00fcche gegen <strong>bel chic<\/strong> oder gegen Mitarbeiter derselben, welche sich auf Sch\u00e4den materieller oder ideeller Art beziehen, die durch die Nutzung oder Nichtnutzung der angebotenen Informationen, bzw. durch die Nutzung fehlerhafter und unvollst\u00e4ndiger Informationen verursacht werden, sind grunds\u00e4tzlich ausgeschlossen. Alle Angebote sind generell freibleibend und stets unverbindlich. <strong>bel chic<\/strong> beh\u00e4lt sich ausdr\u00fccklich vor, Teile der Seite oder den gesamten Auftritt ohne gesonderte Ank\u00fcndigung zu ver\u00e4ndern, zu erg\u00e4nzen, zu l\u00f6schen oder die Ver\u00f6ffentlichung zeitweise oder endg\u00fcltig einzustellen.<\/p>\n\n\n\n<p><strong><br>\n| Verweise und Links |<\/strong><\/p>\n\n\n\n<p><strong>bel chic<\/strong> hat auf seiner Internetseite Links und Verweise zu anderen Seiten im Internet angebracht. Sie betont ausdr\u00fccklich, dass sie keinen Einfluss auf die Gestaltung und den Inhalt der verlinkten Seiten hat und daher auch keine Gew\u00e4hrleistung f\u00fcr die Aktualit\u00e4t, Korrektheit, Vollst\u00e4ndigkeit und Qualit\u00e4t der dort bereitgestellten Informationen \u00fcbernimmt.<\/p>\n\n\n\n<p><strong><br>\n| Urheber- und Kennzeichenrecht |<\/strong><\/p>\n\n\n\n<p><strong>bel chic<\/strong> ist bestrebt, in allen Publikationen die Urheberrechte der verwendeten Grafiken, Fotos, Tondokumente, Videosequenzen und Texte zu beachten. Alle innerhalb des Internetauftritts genannten und ggf. durch Dritte gesch\u00fctzten Marken und Warenzeichen unterliegen uneingeschr\u00e4nkt den Bestimmungen des jeweils g\u00fcltigen Kennzeichenrechts und den Besitzrechten der jeweiligen eingetragenen Eigent\u00fcmer. Aus der blo\u00dfen Nennung oder Abbildung an dieser Stelle ist nicht der Schluss zu ziehen, dass Markenzeichen nicht durch Rechte Dritter gesch\u00fctzt sind. Das Copyright f\u00fcr hier ver\u00f6ffentlichte, von <strong>bel chic<\/strong> selbst erstellte Abbildungen und Objekte bleibt allein bei <strong>bel chic.<\/strong> Eine Vervielf\u00e4ltigung oder Verwendung solcher Grafiken, Fotos, Tondokumente, Videosequenzen und Texte in anderen elektronischen oder gedruckten Publikationen ist nur mit Einwilligung von <strong>bel chic<\/strong> gestattet. Bei der Ver\u00f6ffentlichung solcher Objekte muss ausdr\u00fccklich auf deren Quelle verwiesen werden.<\/p>\n\n\n\n<figure class=\"wp-block-image\"><img loading=\"lazy\" decoding=\"async\" width=\"617\" height=\"122\" src=\"https:\/\/belchic.de\/wp-content\/uploads\/2018\/01\/belchic_Logo.jpg\" alt=\"\" class=\"wp-image-4\" srcset=\"https:\/\/belchic.de\/wp-content\/uploads\/2018\/01\/belchic_Logo.jpg 617w, https:\/\/belchic.de\/wp-content\/uploads\/2018\/01\/belchic_Logo-300x59.jpg 300w\" sizes=\"auto, (max-width: 617px) 100vw, 617px\" \/><\/figure>\n\n\n\n<p>bel chic<br>Inh. Ren\u00e9 Reifferscheid<br>M\u00fcnchener Strasse 46<br>47249 Duisburg Buchholz<br><\/p>\n\n\n\n<p>Telefon: 0203\/702670<br>Mail: info@belchic.de<\/p>\n\n\n\n<p>&nbsp;<br><br><\/p>\n\n\n\n<ul class=\"wp-block-social-links is-layout-flex wp-block-social-links-is-layout-flex\"><li class=\"wp-social-link wp-social-link-facebook  wp-block-social-link\"><a href=\"https:\/\/www.facebook.com\/bel-chic-254210207922503\/\" class=\"wp-block-social-link-anchor\"><svg width=\"24\" height=\"24\" viewBox=\"0 0 24 24\" version=\"1.1\" xmlns=\"http:\/\/www.w3.org\/2000\/svg\" aria-hidden=\"true\" focusable=\"false\"><path d=\"M12 2C6.5 2 2 6.5 2 12c0 5 3.7 9.1 8.4 9.9v-7H7.9V12h2.5V9.8c0-2.5 1.5-3.9 3.8-3.9 1.1 0 2.2.2 2.2.2v2.5h-1.3c-1.2 0-1.6.8-1.6 1.6V12h2.8l-.4 2.9h-2.3v7C18.3 21.1 22 17 22 12c0-5.5-4.5-10-10-10z\"><\/path><\/svg><span class=\"wp-block-social-link-label screen-reader-text\">Facebook<\/span><\/a><\/li>\n\n<li class=\"wp-social-link wp-social-link-instagram  wp-block-social-link\"><a href=\"https:\/\/!--%20wp:social-link%20url:https:\/\/www.facebook.com\/bel-chic-254210207922503\/,service:facebook%20\/--%20%20!--%20wp:social-link%20url:https:\/\/www.instagram.com\/bel_chic_mode,service:instagram%20\/--\" class=\"wp-block-social-link-anchor\"><svg width=\"24\" height=\"24\" viewBox=\"0 0 24 24\" version=\"1.1\" xmlns=\"http:\/\/www.w3.org\/2000\/svg\" aria-hidden=\"true\" focusable=\"false\"><path d=\"M12,4.622c2.403,0,2.688,0.009,3.637,0.052c0.877,0.04,1.354,0.187,1.671,0.31c0.42,0.163,0.72,0.358,1.035,0.673 c0.315,0.315,0.51,0.615,0.673,1.035c0.123,0.317,0.27,0.794,0.31,1.671c0.043,0.949,0.052,1.234,0.052,3.637 s-0.009,2.688-0.052,3.637c-0.04,0.877-0.187,1.354-0.31,1.671c-0.163,0.42-0.358,0.72-0.673,1.035 c-0.315,0.315-0.615,0.51-1.035,0.673c-0.317,0.123-0.794,0.27-1.671,0.31c-0.949,0.043-1.233,0.052-3.637,0.052 s-2.688-0.009-3.637-0.052c-0.877-0.04-1.354-0.187-1.671-0.31c-0.42-0.163-0.72-0.358-1.035-0.673 c-0.315-0.315-0.51-0.615-0.673-1.035c-0.123-0.317-0.27-0.794-0.31-1.671C4.631,14.688,4.622,14.403,4.622,12 s0.009-2.688,0.052-3.637c0.04-0.877,0.187-1.354,0.31-1.671c0.163-0.42,0.358-0.72,0.673-1.035 c0.315-0.315,0.615-0.51,1.035-0.673c0.317-0.123,0.794-0.27,1.671-0.31C9.312,4.631,9.597,4.622,12,4.622 M12,3 C9.556,3,9.249,3.01,8.289,3.054C7.331,3.098,6.677,3.25,6.105,3.472C5.513,3.702,5.011,4.01,4.511,4.511 c-0.5,0.5-0.808,1.002-1.038,1.594C3.25,6.677,3.098,7.331,3.054,8.289C3.01,9.249,3,9.556,3,12c0,2.444,0.01,2.751,0.054,3.711 c0.044,0.958,0.196,1.612,0.418,2.185c0.23,0.592,0.538,1.094,1.038,1.594c0.5,0.5,1.002,0.808,1.594,1.038 c0.572,0.222,1.227,0.375,2.185,0.418C9.249,20.99,9.556,21,12,21s2.751-0.01,3.711-0.054c0.958-0.044,1.612-0.196,2.185-0.418 c0.592-0.23,1.094-0.538,1.594-1.038c0.5-0.5,0.808-1.002,1.038-1.594c0.222-0.572,0.375-1.227,0.418-2.185 C20.99,14.751,21,14.444,21,12s-0.01-2.751-0.054-3.711c-0.044-0.958-0.196-1.612-0.418-2.185c-0.23-0.592-0.538-1.094-1.038-1.594 c-0.5-0.5-1.002-0.808-1.594-1.038c-0.572-0.222-1.227-0.375-2.185-0.418C14.751,3.01,14.444,3,12,3L12,3z M12,7.378 c-2.552,0-4.622,2.069-4.622,4.622S9.448,16.622,12,16.622s4.622-2.069,4.622-4.622S14.552,7.378,12,7.378z M12,15 c-1.657,0-3-1.343-3-3s1.343-3,3-3s3,1.343,3,3S13.657,15,12,15z M16.804,6.116c-0.596,0-1.08,0.484-1.08,1.08 s0.484,1.08,1.08,1.08c0.596,0,1.08-0.484,1.08-1.08S17.401,6.116,16.804,6.116z\"><\/path><\/svg><span class=\"wp-block-social-link-label screen-reader-text\">Instagram<\/span><\/a><\/li><\/ul>\n","protected":false},"excerpt":{"rendered":"<p>| Inhalt unserer Internetseite | bel chic \u00fcbernimmt keinerlei Gew\u00e4hr f\u00fcr die Aktualit\u00e4t, Korrektheit, Vollst\u00e4ndigkeit oder Qualit\u00e4t der im Rahmen ihres Internetauftritts bereitgestellten Informationen. Haftungsanspr\u00fcche gegen bel chic oder gegen Mitarbeiter derselben, welche sich auf&hellip; <a href=\"https:\/\/belchic.de\/?page_id=86\">Mehr<\/a><\/p>\n","protected":false},"author":1,"featured_media":0,"parent":0,"menu_order":0,"comment_status":"closed","ping_status":"closed","template":"","meta":{"footnotes":""},"class_list":["post-86","page","type-page","status-publish","hentry"],"_links":{"self":[{"href":"https:\/\/belchic.de\/index.php?rest_route=\/wp\/v2\/pages\/86","targetHints":{"allow":["GET"]}}],"collection":[{"href":"https:\/\/belchic.de\/index.php?rest_route=\/wp\/v2\/pages"}],"about":[{"href":"https:\/\/belchic.de\/index.php?rest_route=\/wp\/v2\/types\/page"}],"author":[{"embeddable":true,"href":"https:\/\/belchic.de\/index.php?rest_route=\/wp\/v2\/users\/1"}],"replies":[{"embeddable":true,"href":"https:\/\/belchic.de\/index.php?rest_route=%2Fwp%2Fv2%2Fcomments&post=86"}],"version-history":[{"count":4,"href":"https:\/\/belchic.de\/index.php?rest_route=\/wp\/v2\/pages\/86\/revisions"}],"predecessor-version":[{"id":418,"href":"https:\/\/belchic.de\/index.php?rest_route=\/wp\/v2\/pages\/86\/revisions\/418"}],"wp:attachment":[{"href":"https:\/\/belchic.de\/index.php?rest_route=%2Fwp%2Fv2%2Fmedia&parent=86"}],"curies":[{"name":"wp","href":"https:\/\/api.w.org\/{rel}","templated":true}]}}