{"id":161,"date":"2019-07-31T10:05:03","date_gmt":"2019-07-31T10:05:03","guid":{"rendered":"http:\/\/belchic.de\/?page_id=161"},"modified":"2022-03-23T14:30:58","modified_gmt":"2022-03-23T14:30:58","slug":"keine-zeit","status":"publish","type":"page","link":"https:\/\/belchic.de\/?page_id=161","title":{"rendered":"Keine Zeit?"},"content":{"rendered":"\n<p>Haben Sie keine Zeit zu den regul\u00e4ren \u00d6ffnungszeiten zu uns in den Laden zu kommen? Lieber in Ruhe bei einem Glass Prosecco ganz alleine oder mit Freund*innen shoppen gehen? <\/p>\n\n\n\n<p>Ganz einfach. Kommen Sie zu uns in den Laden oder schreiben uns per E-Mail an und fragen nach &#8222;keine Zeit&#8220;. Dann vereinbaren wir einen Termin mit Ihnen. <br>Einzige Vorraussetzung ist, dass ein Gutschein in H\u00f6he des vereinbarten Termines gekauft wird. Diesen k\u00f6nnen, m\u00fcssen Sie aber nicht an diesem Abend ausgeben. Dies sollte bitte sp\u00e4testens eine Woche im Vorraus gebucht werden. Sie k\u00f6nnen sich den Gutschein auch mit Ihren Freund*innen teilen.<br>Pro Termin wird au\u00dferdem selbstverst\u00e4ndlichen neben Wasser und Kaffee eine Flasche Prosecco ausgeschenkt. <\/p>\n\n\n\n<p>Angebot:<br>Montag bis Freitag: <br>Von 19 bis 21 Uhr                     300 \u20ac Gutschein f\u00fcr zwei Stunden<br>Von 21 bis 24 Uhr                     400 \u20ac Gutschein f\u00fcr zwei Stunden<br>Samstag:<br>Von 13 bis 16 Uhr                     300 \u20ac Gutschein f\u00fcr zwei Stunden<br>Von 16 bis 19 Uhr                     400 \u20ac Gutschein f\u00fcr zwei Stunden<br><br>F\u00fcr alle weiteren Uhrzeiten fragen Sie einfach im Laden nach.<\/p>\n\n\n\n<p>F\u00fcr weitere Flaschen Prosecco oder Champagner sprechen Sie uns gerne an. <\/p>\n\n\n\n<ul class=\"wp-block-social-links is-layout-flex wp-block-social-links-is-layout-flex\"><li class=\"wp-social-link wp-social-link-facebook  wp-block-social-link\"><a href=\"https:\/\/www.facebook.com\/bel-chic-254210207922503\/\" class=\"wp-block-social-link-anchor\"><svg width=\"24\" height=\"24\" viewBox=\"0 0 24 24\" version=\"1.1\" xmlns=\"http:\/\/www.w3.org\/2000\/svg\" aria-hidden=\"true\" focusable=\"false\"><path d=\"M12 2C6.5 2 2 6.5 2 12c0 5 3.7 9.1 8.4 9.9v-7H7.9V12h2.5V9.8c0-2.5 1.5-3.9 3.8-3.9 1.1 0 2.2.2 2.2.2v2.5h-1.3c-1.2 0-1.6.8-1.6 1.6V12h2.8l-.4 2.9h-2.3v7C18.3 21.1 22 17 22 12c0-5.5-4.5-10-10-10z\"><\/path><\/svg><span class=\"wp-block-social-link-label screen-reader-text\">Facebook<\/span><\/a><\/li>\n\n<li class=\"wp-social-link wp-social-link-instagram  wp-block-social-link\"><a href=\"https:\/\/!--%20wp:social-link%20url:https:\/\/www.facebook.com\/bel-chic-254210207922503\/,service:facebook%20\/--%20%20!--%20wp:social-link%20url:https:\/\/www.instagram.com\/bel_chic_mode,service:instagram%20\/--\" class=\"wp-block-social-link-anchor\"><svg width=\"24\" height=\"24\" viewBox=\"0 0 24 24\" version=\"1.1\" xmlns=\"http:\/\/www.w3.org\/2000\/svg\" aria-hidden=\"true\" focusable=\"false\"><path d=\"M12,4.622c2.403,0,2.688,0.009,3.637,0.052c0.877,0.04,1.354,0.187,1.671,0.31c0.42,0.163,0.72,0.358,1.035,0.673 c0.315,0.315,0.51,0.615,0.673,1.035c0.123,0.317,0.27,0.794,0.31,1.671c0.043,0.949,0.052,1.234,0.052,3.637 s-0.009,2.688-0.052,3.637c-0.04,0.877-0.187,1.354-0.31,1.671c-0.163,0.42-0.358,0.72-0.673,1.035 c-0.315,0.315-0.615,0.51-1.035,0.673c-0.317,0.123-0.794,0.27-1.671,0.31c-0.949,0.043-1.233,0.052-3.637,0.052 s-2.688-0.009-3.637-0.052c-0.877-0.04-1.354-0.187-1.671-0.31c-0.42-0.163-0.72-0.358-1.035-0.673 c-0.315-0.315-0.51-0.615-0.673-1.035c-0.123-0.317-0.27-0.794-0.31-1.671C4.631,14.688,4.622,14.403,4.622,12 s0.009-2.688,0.052-3.637c0.04-0.877,0.187-1.354,0.31-1.671c0.163-0.42,0.358-0.72,0.673-1.035 c0.315-0.315,0.615-0.51,1.035-0.673c0.317-0.123,0.794-0.27,1.671-0.31C9.312,4.631,9.597,4.622,12,4.622 M12,3 C9.556,3,9.249,3.01,8.289,3.054C7.331,3.098,6.677,3.25,6.105,3.472C5.513,3.702,5.011,4.01,4.511,4.511 c-0.5,0.5-0.808,1.002-1.038,1.594C3.25,6.677,3.098,7.331,3.054,8.289C3.01,9.249,3,9.556,3,12c0,2.444,0.01,2.751,0.054,3.711 c0.044,0.958,0.196,1.612,0.418,2.185c0.23,0.592,0.538,1.094,1.038,1.594c0.5,0.5,1.002,0.808,1.594,1.038 c0.572,0.222,1.227,0.375,2.185,0.418C9.249,20.99,9.556,21,12,21s2.751-0.01,3.711-0.054c0.958-0.044,1.612-0.196,2.185-0.418 c0.592-0.23,1.094-0.538,1.594-1.038c0.5-0.5,0.808-1.002,1.038-1.594c0.222-0.572,0.375-1.227,0.418-2.185 C20.99,14.751,21,14.444,21,12s-0.01-2.751-0.054-3.711c-0.044-0.958-0.196-1.612-0.418-2.185c-0.23-0.592-0.538-1.094-1.038-1.594 c-0.5-0.5-1.002-0.808-1.594-1.038c-0.572-0.222-1.227-0.375-2.185-0.418C14.751,3.01,14.444,3,12,3L12,3z M12,7.378 c-2.552,0-4.622,2.069-4.622,4.622S9.448,16.622,12,16.622s4.622-2.069,4.622-4.622S14.552,7.378,12,7.378z M12,15 c-1.657,0-3-1.343-3-3s1.343-3,3-3s3,1.343,3,3S13.657,15,12,15z M16.804,6.116c-0.596,0-1.08,0.484-1.08,1.08 s0.484,1.08,1.08,1.08c0.596,0,1.08-0.484,1.08-1.08S17.401,6.116,16.804,6.116z\"><\/path><\/svg><span class=\"wp-block-social-link-label screen-reader-text\">Instagram<\/span><\/a><\/li><\/ul>\n","protected":false},"excerpt":{"rendered":"<p>Haben Sie keine Zeit zu den regul\u00e4ren \u00d6ffnungszeiten zu uns in den Laden zu kommen? Lieber in Ruhe bei einem Glass Prosecco ganz alleine oder mit Freund*innen shoppen gehen? Ganz einfach. Kommen Sie zu uns&hellip; <a href=\"https:\/\/belchic.de\/?page_id=161\">Mehr<\/a><\/p>\n","protected":false},"author":1,"featured_media":0,"parent":0,"menu_order":0,"comment_status":"closed","ping_status":"closed","template":"","meta":{"footnotes":""},"class_list":["post-161","page","type-page","status-publish","hentry"],"_links":{"self":[{"href":"https:\/\/belchic.de\/index.php?rest_route=\/wp\/v2\/pages\/161","targetHints":{"allow":["GET"]}}],"collection":[{"href":"https:\/\/belchic.de\/index.php?rest_route=\/wp\/v2\/pages"}],"about":[{"href":"https:\/\/belchic.de\/index.php?rest_route=\/wp\/v2\/types\/page"}],"author":[{"embeddable":true,"href":"https:\/\/belchic.de\/index.php?rest_route=\/wp\/v2\/users\/1"}],"replies":[{"embeddable":true,"href":"https:\/\/belchic.de\/index.php?rest_route=%2Fwp%2Fv2%2Fcomments&post=161"}],"version-history":[{"count":7,"href":"https:\/\/belchic.de\/index.php?rest_route=\/wp\/v2\/pages\/161\/revisions"}],"predecessor-version":[{"id":498,"href":"https:\/\/belchic.de\/index.php?rest_route=\/wp\/v2\/pages\/161\/revisions\/498"}],"wp:attachment":[{"href":"https:\/\/belchic.de\/index.php?rest_route=%2Fwp%2Fv2%2Fmedia&parent=161"}],"curies":[{"name":"wp","href":"https:\/\/api.w.org\/{rel}","templated":true}]}}